{"id":2035,"date":"2017-06-26T13:41:24","date_gmt":"2017-06-26T11:41:24","guid":{"rendered":"http:\/\/rdi-watchwinders.ch\/\/memoire-2\/"},"modified":"2017-09-20T17:42:57","modified_gmt":"2017-09-20T15:42:57","slug":"memoire","status":"publish","type":"page","link":"https:\/\/rdi-watchwinders.ch\/en\/memoire\/","title":{"rendered":"M\u00e9moire"},"content":{"rendered":"<p>[vc_row css_animation=&#8221;&#8221; row_type=&#8221;row&#8221; use_row_as_full_screen_section=&#8221;no&#8221; type=&#8221;full_width&#8221; angled_section=&#8221;no&#8221; text_align=&#8221;left&#8221; background_image_as_pattern=&#8221;without_pattern&#8221; el_class=&#8221;row-separator-arrow&#8221;][vc_column][vc_separator type=&#8221;normal&#8221; color=&#8221;#ff0000&#8243; transparency=&#8221;1&#8243; thickness=&#8221;1&#8243; up=&#8221;0&#8243; down=&#8221;0&#8243; el_class=&#8221;separator-arrow&#8221;][\/vc_column][\/vc_row][vc_row css_animation=&#8221;&#8221; row_type=&#8221;row&#8221; use_row_as_full_screen_section=&#8221;no&#8221; type=&#8221;full_width&#8221; angled_section=&#8221;no&#8221; text_align=&#8221;left&#8221; background_image_as_pattern=&#8221;without_pattern&#8221; background_color=&#8221;#dddddd&#8221; el_class=&#8221;under-margin&#8221;][vc_column][vc_empty_space height=&#8221;50px&#8221;][\/vc_column][\/vc_row][vc_row css_animation=&#8221;&#8221; row_type=&#8221;row&#8221; use_row_as_full_screen_section=&#8221;no&#8221; type=&#8221;grid&#8221; angled_section=&#8221;no&#8221; text_align=&#8221;left&#8221; background_image_as_pattern=&#8221;without_pattern&#8221; background_color=&#8221;#dddddd&#8221;][vc_column width=&#8221;1\/2&#8243;][vc_gallery type=&#8221;flexslider_slide&#8221; interval=&#8221;10&#8243; images=&#8221;2880,2882&#8243; img_size=&#8221;full&#8221;][\/vc_column][vc_column width=&#8221;1\/2&#8243;][vc_column_text]<\/p>\n<h6><a class=\"backbutton\" href=\"http:\/\/rdi-watchwinders.ch\/\/en\/collections-2\/\">&lt; Back to collections<\/a><\/h6>\n<p>[\/vc_column_text][vc_column_text]<\/p>\n<h2>M\u00e9moire Watch Winder<\/h2>\n<h5>CHF 6500.-<\/h5>\n<p>[\/vc_column_text][vc_empty_space height=&#8221;16px&#8221;][vc_column_text]Set off on a journey into the furthest reaches of time, and contemplate the memory of our beautiful planet in the petrified wood that composes each side of this new winder. Imagine a story that began 225 million years ago, when dinosaurs roamed and the land was covered in dense primal forest. Part vegetable, part mineral, petrified wood owes its extraordinary metamorphosis to a rare alchemy of water, ash and minerals such as iron, copper and manganese that gives each winder its unique and incomparable pattern. Meticulous polishing brings out the magnificence and beauty of these authentic fossils, and reveals the rich palette of colours in a stunning abstract landscape. These thin layers of \u00ab wood turned to stone \u00bb display a transparency and depth made possible by a technology known only to RDI-Charles Kaeser.[\/vc_column_text][vc_empty_space][vc_column_text]<\/p>\n<h6><a class=\"backbutton\" href=\"https:\/\/rdi-watchwinders.ch\/wp-content\/uploads\/2017\/09\/Mode-emploi-Memoire.pdf\" target=\"_blank\" rel=\"noopener\">Manual<\/a><\/h6>\n<p>[\/vc_column_text][vc_column_text el_class=&#8221;title-technical-spe&#8221;]<\/p>\n<h5>Technical specifications<\/h5>\n<p>[\/vc_column_text][vc_empty_space height=&#8221;4px&#8221;][vc_column_text]<\/p>\n<h6><\/h6>\n<p>Dimensions\u00a0: 165 x 165 x 145 mm<br \/>\nWeight : 3\u00a0kg<br \/>\nColumns :\u00a0<span class=\"s1\">Soft-black metal<\/span><br \/>\nSide faces : Petrified wood<br \/>\nTop face : Petrified wood<br \/>\nFront face :\u00a0<span class=\"s1\">Leather-clad with glass door<\/span><br \/>\nPrograms\u00a0:\u00a016<br \/>\nPower supply :\u00a0<span class=\"s1\">2 AA batteries or on sector<\/span><\/p>\n<p>&nbsp;[\/vc_column_text][vc_column_text el_class=&#8221;sans-porte&#8221;]<\/p>\n<h6>Every piece is unique<\/h6>\n<p>[\/vc_column_text][vc_empty_space][vc_row_inner row_type=&#8221;row&#8221; type=&#8221;full_width&#8221; text_align=&#8221;left&#8221; css_animation=&#8221;&#8221;][vc_column_inner width=&#8221;1\/2&#8243;][vc_column_text el_class=&#8221;product-button&#8221;]<\/p>\n<h5><a href=\"https:\/\/rdi-watchwinders.ch\/en\/find-a-retailer\/\">Find a retailer<\/a><\/h5>\n<p>[\/vc_column_text][vc_empty_space height=&#8221;24px&#8221;][\/vc_column_inner][vc_column_inner width=&#8221;1\/2&#8243;][vc_column_text el_class=&#8221;product-button&#8221;]<\/p>\n<h5><a href=\"http:\/\/rdi-watchwinders.ch\/\/en\/order-online\/\">Order online<\/a><\/h5>\n<p>[\/vc_column_text][\/vc_column_inner][\/vc_row_inner][vc_empty_space height=&#8221;48px&#8221;][\/vc_column][\/vc_row][vc_row css_animation=&#8221;&#8221; row_type=&#8221;row&#8221; use_row_as_full_screen_section=&#8221;no&#8221; type=&#8221;full_width&#8221; angled_section=&#8221;no&#8221; text_align=&#8221;left&#8221; background_image_as_pattern=&#8221;without_pattern&#8221; el_class=&#8221;row-separator-arrow&#8221;][vc_column][vc_separator type=&#8221;normal&#8221; color=&#8221;#ff0000&#8243; transparency=&#8221;1&#8243; thickness=&#8221;1&#8243; up=&#8221;0&#8243; down=&#8221;0&#8243; el_class=&#8221;separator-arrow&#8221;][\/vc_column][\/vc_row][vc_row css_animation=&#8221;&#8221; row_type=&#8221;row&#8221; use_row_as_full_screen_section=&#8221;no&#8221; type=&#8221;full_width&#8221; angled_section=&#8221;no&#8221; text_align=&#8221;left&#8221; background_image_as_pattern=&#8221;without_pattern&#8221; row_negative_margin=&#8221;disable_negative_margin&#8221; el_class=&#8221;winder-feature&#8221;][vc_column width=&#8221;1\/2&#8243;][vc_single_image image=&#8221;1848&#8243; img_size=&#8221;full&#8221; qode_css_animation=&#8221;&#8221;][\/vc_column][vc_column width=&#8221;1\/2&#8243;][vc_single_image image=&#8221;1849&#8243; img_size=&#8221;full&#8221; qode_css_animation=&#8221;&#8221;][\/vc_column][\/vc_row][vc_row css_animation=&#8221;&#8221; row_type=&#8221;row&#8221; use_row_as_full_screen_section=&#8221;no&#8221; type=&#8221;full_width&#8221; angled_section=&#8221;no&#8221; text_align=&#8221;left&#8221; background_image_as_pattern=&#8221;without_pattern&#8221; el_class=&#8221;row-separator-arrow&#8221;][vc_column][vc_separator type=&#8221;normal&#8221; color=&#8221;#ff0000&#8243; transparency=&#8221;1&#8243; thickness=&#8221;1&#8243; up=&#8221;0&#8243; down=&#8221;0&#8243; el_class=&#8221;separator-arrow&#8221;][\/vc_column][\/vc_row]<\/p>\n","protected":false},"excerpt":{"rendered":"<p>[vc_row css_animation=&#8221;&#8221; row_type=&#8221;row&#8221; use_row_as_full_screen_section=&#8221;no&#8221; type=&#8221;full_width&#8221; angled_section=&#8221;no&#8221; text_align=&#8221;left&#8221; background_image_as_pattern=&#8221;without_pattern&#8221; el_class=&#8221;row-separator-arrow&#8221;][vc_column][vc_separator type=&#8221;normal&#8221; color=&#8221;#ff0000&#8243; transparency=&#8221;1&#8243; thickness=&#8221;1&#8243; up=&#8221;0&#8243; down=&#8221;0&#8243; el_class=&#8221;separator-arrow&#8221;][\/vc_column][\/vc_row][vc_row css_animation=&#8221;&#8221; row_type=&#8221;row&#8221; use_row_as_full_screen_section=&#8221;no&#8221; type=&#8221;full_width&#8221; angled_section=&#8221;no&#8221; text_align=&#8221;left&#8221; background_image_as_pattern=&#8221;without_pattern&#8221; background_color=&#8221;#dddddd&#8221; el_class=&#8221;under-margin&#8221;][vc_column][vc_empty_space height=&#8221;50px&#8221;][\/vc_column][\/vc_row][vc_row css_animation=&#8221;&#8221; row_type=&#8221;row&#8221; use_row_as_full_screen_section=&#8221;no&#8221; type=&#8221;grid&#8221; angled_section=&#8221;no&#8221; text_align=&#8221;left&#8221; background_image_as_pattern=&#8221;without_pattern&#8221; background_color=&#8221;#dddddd&#8221;][vc_column width=&#8221;1\/2&#8243;][vc_gallery type=&#8221;flexslider_slide&#8221; interval=&#8221;10&#8243; images=&#8221;2880,2882&#8243; img_size=&#8221;full&#8221;][\/vc_column][vc_column width=&#8221;1\/2&#8243;][vc_column_text] &lt; Back to collections [\/vc_column_text][vc_column_text]&#8230;<\/p>\n","protected":false},"author":1,"featured_media":0,"parent":0,"menu_order":0,"comment_status":"closed","ping_status":"closed","template":"full_width.php","meta":[],"yoast_head":"<!-- This site is optimized with the Yoast SEO plugin v20.2.1 - https:\/\/yoast.com\/wordpress\/plugins\/seo\/ -->\n<title>Remontoir RDI Charles Kaeser &quot;M\u00e9moire&quot; pour montres automatiques<\/title>\n<meta name=\"description\" content=\"D\u00e9couvrez la collection de remontoirs &quot;M\u00e9moire&quot; pour les collectionneurs soucieux d&#039;offrir \u00e0 leur montre un \u00e9crin d&#039;excellence. 100% fabriqu\u00e9 en Suisse.\" \/>\n<meta name=\"robots\" content=\"index, follow, max-snippet:-1, max-image-preview:large, max-video-preview:-1\" \/>\n<link rel=\"canonical\" href=\"https:\/\/rdi-watchwinders.ch\/en\/memoire\/\" \/>\n<meta property=\"og:locale\" content=\"en_US\" \/>\n<meta property=\"og:type\" content=\"article\" \/>\n<meta property=\"og:title\" content=\"Remontoir RDI Charles Kaeser &quot;M\u00e9moire&quot; pour montres automatiques\" \/>\n<meta property=\"og:description\" content=\"D\u00e9couvrez la collection de remontoirs &quot;M\u00e9moire&quot; pour les collectionneurs soucieux d&#039;offrir \u00e0 leur montre un \u00e9crin d&#039;excellence. 100% fabriqu\u00e9 en Suisse.\" \/>\n<meta property=\"og:url\" content=\"https:\/\/rdi-watchwinders.ch\/en\/memoire\/\" \/>\n<meta property=\"og:site_name\" content=\"RDI Charles Kaeser\" \/>\n<meta property=\"article:modified_time\" content=\"2017-09-20T15:42:57+00:00\" \/>\n<meta name=\"twitter:card\" content=\"summary_large_image\" \/>\n<meta name=\"twitter:label1\" content=\"Est. reading time\" \/>\n\t<meta name=\"twitter:data1\" content=\"3 minutes\" \/>\n<script type=\"application\/ld+json\" class=\"yoast-schema-graph\">{\"@context\":\"https:\/\/schema.org\",\"@graph\":[{\"@type\":\"WebPage\",\"@id\":\"https:\/\/rdi-watchwinders.ch\/en\/memoire\/\",\"url\":\"https:\/\/rdi-watchwinders.ch\/en\/memoire\/\",\"name\":\"Remontoir RDI Charles Kaeser \\\"M\u00e9moire\\\" pour montres automatiques\",\"isPartOf\":{\"@id\":\"https:\/\/rdi-watchwinders.ch\/#website\"},\"datePublished\":\"2017-06-26T11:41:24+00:00\",\"dateModified\":\"2017-09-20T15:42:57+00:00\",\"description\":\"D\u00e9couvrez la collection de remontoirs \\\"M\u00e9moire\\\" pour les collectionneurs soucieux d'offrir \u00e0 leur montre un \u00e9crin d'excellence. 100% fabriqu\u00e9 en Suisse.\",\"breadcrumb\":{\"@id\":\"https:\/\/rdi-watchwinders.ch\/en\/memoire\/#breadcrumb\"},\"inLanguage\":\"en-US\",\"potentialAction\":[{\"@type\":\"ReadAction\",\"target\":[\"https:\/\/rdi-watchwinders.ch\/en\/memoire\/\"]}]},{\"@type\":\"BreadcrumbList\",\"@id\":\"https:\/\/rdi-watchwinders.ch\/en\/memoire\/#breadcrumb\",\"itemListElement\":[{\"@type\":\"ListItem\",\"position\":1,\"name\":\"Accueil\",\"item\":\"https:\/\/rdi-watchwinders.ch\/en\/\"},{\"@type\":\"ListItem\",\"position\":2,\"name\":\"M\u00e9moire\"}]},{\"@type\":\"WebSite\",\"@id\":\"https:\/\/rdi-watchwinders.ch\/#website\",\"url\":\"https:\/\/rdi-watchwinders.ch\/\",\"name\":\"RDI Charles Kaeser\",\"description\":\"Charles Kaeser\",\"potentialAction\":[{\"@type\":\"SearchAction\",\"target\":{\"@type\":\"EntryPoint\",\"urlTemplate\":\"https:\/\/rdi-watchwinders.ch\/?s={search_term_string}\"},\"query-input\":\"required name=search_term_string\"}],\"inLanguage\":\"en-US\"}]}<\/script>\n<!-- \/ Yoast SEO plugin. -->","yoast_head_json":{"title":"Remontoir RDI Charles Kaeser \"M\u00e9moire\" pour montres automatiques","description":"D\u00e9couvrez la collection de remontoirs \"M\u00e9moire\" pour les collectionneurs soucieux d'offrir \u00e0 leur montre un \u00e9crin d'excellence. 100% fabriqu\u00e9 en Suisse.","robots":{"index":"index","follow":"follow","max-snippet":"max-snippet:-1","max-image-preview":"max-image-preview:large","max-video-preview":"max-video-preview:-1"},"canonical":"https:\/\/rdi-watchwinders.ch\/en\/memoire\/","og_locale":"en_US","og_type":"article","og_title":"Remontoir RDI Charles Kaeser \"M\u00e9moire\" pour montres automatiques","og_description":"D\u00e9couvrez la collection de remontoirs \"M\u00e9moire\" pour les collectionneurs soucieux d'offrir \u00e0 leur montre un \u00e9crin d'excellence. 100% fabriqu\u00e9 en Suisse.","og_url":"https:\/\/rdi-watchwinders.ch\/en\/memoire\/","og_site_name":"RDI Charles Kaeser","article_modified_time":"2017-09-20T15:42:57+00:00","twitter_card":"summary_large_image","twitter_misc":{"Est. reading time":"3 minutes"},"schema":{"@context":"https:\/\/schema.org","@graph":[{"@type":"WebPage","@id":"https:\/\/rdi-watchwinders.ch\/en\/memoire\/","url":"https:\/\/rdi-watchwinders.ch\/en\/memoire\/","name":"Remontoir RDI Charles Kaeser \"M\u00e9moire\" pour montres automatiques","isPartOf":{"@id":"https:\/\/rdi-watchwinders.ch\/#website"},"datePublished":"2017-06-26T11:41:24+00:00","dateModified":"2017-09-20T15:42:57+00:00","description":"D\u00e9couvrez la collection de remontoirs \"M\u00e9moire\" pour les collectionneurs soucieux d'offrir \u00e0 leur montre un \u00e9crin d'excellence. 100% fabriqu\u00e9 en Suisse.","breadcrumb":{"@id":"https:\/\/rdi-watchwinders.ch\/en\/memoire\/#breadcrumb"},"inLanguage":"en-US","potentialAction":[{"@type":"ReadAction","target":["https:\/\/rdi-watchwinders.ch\/en\/memoire\/"]}]},{"@type":"BreadcrumbList","@id":"https:\/\/rdi-watchwinders.ch\/en\/memoire\/#breadcrumb","itemListElement":[{"@type":"ListItem","position":1,"name":"Accueil","item":"https:\/\/rdi-watchwinders.ch\/en\/"},{"@type":"ListItem","position":2,"name":"M\u00e9moire"}]},{"@type":"WebSite","@id":"https:\/\/rdi-watchwinders.ch\/#website","url":"https:\/\/rdi-watchwinders.ch\/","name":"RDI Charles Kaeser","description":"Charles Kaeser","potentialAction":[{"@type":"SearchAction","target":{"@type":"EntryPoint","urlTemplate":"https:\/\/rdi-watchwinders.ch\/?s={search_term_string}"},"query-input":"required name=search_term_string"}],"inLanguage":"en-US"}]}},"_links":{"self":[{"href":"https:\/\/rdi-watchwinders.ch\/en\/wp-json\/wp\/v2\/pages\/2035"}],"collection":[{"href":"https:\/\/rdi-watchwinders.ch\/en\/wp-json\/wp\/v2\/pages"}],"about":[{"href":"https:\/\/rdi-watchwinders.ch\/en\/wp-json\/wp\/v2\/types\/page"}],"author":[{"embeddable":true,"href":"https:\/\/rdi-watchwinders.ch\/en\/wp-json\/wp\/v2\/users\/1"}],"replies":[{"embeddable":true,"href":"https:\/\/rdi-watchwinders.ch\/en\/wp-json\/wp\/v2\/comments?post=2035"}],"version-history":[{"count":14,"href":"https:\/\/rdi-watchwinders.ch\/en\/wp-json\/wp\/v2\/pages\/2035\/revisions"}],"predecessor-version":[{"id":3015,"href":"https:\/\/rdi-watchwinders.ch\/en\/wp-json\/wp\/v2\/pages\/2035\/revisions\/3015"}],"wp:attachment":[{"href":"https:\/\/rdi-watchwinders.ch\/en\/wp-json\/wp\/v2\/media?parent=2035"}],"curies":[{"name":"wp","href":"https:\/\/api.w.org\/{rel}","templated":true}]}}